{"id":1651,"date":"2014-09-24T10:35:50","date_gmt":"2014-09-24T10:35:50","guid":{"rendered":"http:\/\/pixis.useful-pixels.com\/?page_id=1651"},"modified":"2025-07-06T09:56:29","modified_gmt":"2025-07-06T07:56:29","slug":"pension-pour-chevaux","status":"publish","type":"page","link":"https:\/\/www.paardensportcentrumepe.nl\/fr\/pension-pour-chevaux\/","title":{"rendered":"Pension pour chevaux"},"content":{"rendered":"<p>[vc_row row_type=&#8221;full&#8221;][vc_column][vc_images_carousel images=&#8221;5684&#8243; img_size=&#8221;full&#8221; onclick=&#8221;link_no&#8221; speed=&#8221;4000&#8243; autoplay=&#8221;yes&#8221; hide_pagination_control=&#8221;yes&#8221; hide_prev_next_buttons=&#8221;yes&#8221; wrap=&#8221;yes&#8221;][vc_separator sepopt=&#8221;simple&#8221; top=&#8221;50&#8243; bottom=&#8221;50&#8243;][\/vc_column][\/vc_row][vc_row css=&#8221;.vc_custom_1751788132263{padding-top: 30px !important;padding-bottom: 40px !important;background-color: #ffffff !important;}&#8221;][vc_column width=&#8221;1\/2&#8243;][vc_column_text]<\/p>\n<h2><strong>Tarifs de la pension<\/strong><\/h2>\n<p>Nous proposons une pension compl\u00e8te. La pension compl\u00e8te comprend le box, la sellerie, le fourrage standard, les concentr\u00e9s, la paille, le curage du box, l&#8217;entr\u00e9e et la sortie au paddock\/p\u00e2turage et l&#8217;utilisation des installations disponibles.<br \/>\nLes chevaux sortent quotidiennement toute l&#8217;ann\u00e9e dans le pr\u00e9 ou, par tr\u00e8s mauvais temps, dans les paddocks. Il est important pour nous que les chevaux puissent se d\u00e9placer librement et socialiser. L&#8217;alimentation est r\u00e9partie tout au long de la journ\u00e9e, alternant fourrages grossiers et concentr\u00e9s.<\/p>\n<p>N&#8217;h\u00e9sitez pas \u00e0 nous contacter par e-mail ou t\u00e9l\u00e9phone pour plus d&#8217;informations ou une visite sur rendez-vous de notre \u00e9curie.<\/p>\n<p>Mariette : 06-48101082, Christopher : 06-13896434<\/p>\n<p>Adresse e-mail : <span lang=\"EN-US\"><a href=\"mailto:paardensportcentrumepe@outlook.com\" target=\"_blank\" rel=\"noopener\">paardensportcentrumepe@outlook.com<\/a><\/span>[\/vc_column_text][\/vc_column][vc_column width=&#8221;1\/2&#8243;][vc_single_image image=&#8221;7064&#8243; img_size=&#8221;555&#215;370&#8243;][\/vc_column][\/vc_row][vc_row css=&#8221;.vc_custom_1751788166170{padding-top: 30px !important;padding-bottom: 40px !important;background-color: #ffffff !important;}&#8221;][vc_column width=&#8221;1\/2&#8243;][vc_separator sepopt=&#8221;simple&#8221; top=&#8221;60&#8243; bottom=&#8221;60&#8243;][vc_single_image image=&#8221;6901&#8243; img_size=&#8221;555&#215;370&#8243;][\/vc_column][vc_column width=&#8221;1\/2&#8243;][vc_separator sepopt=&#8221;simple&#8221; top=&#8221;60&#8243; bottom=&#8221;60&#8243;][vc_single_image image=&#8221;6917&#8243; img_size=&#8221;555&#215;370&#8243;][\/vc_column][\/vc_row][vc_row css=&#8221;.vc_custom_1751788582894{border-top-width: 50px !important;padding-top: 50px !important;padding-bottom: 40px !important;background-color: #ffffff !important;}&#8221;][vc_column width=&#8221;1\/2&#8243;][vc_separator sepopt=&#8221;simple&#8221; top=&#8221;20&#8243; bottom=&#8221;20&#8243;][vc_column_text]<strong>Diensten<\/strong>\u00a0|\u00a0<strong>Prijzen inclusief btw<\/strong><br \/>\nPensionstalling pony A-B* | \u20ac 325,00 per maand<br \/>\nPensionstalling pony C-E* | \u20ac 450,00 per maand<br \/>\nPensionstalling paard* | \u20ac 450,00 per maand<br \/>\nBuitenluik | \u20ac 15,00 per maand<br \/>\nTrailerstalling | \u20ac 15,00 per maand<\/p>\n<p>&nbsp;<\/p>\n<p><strong>Pensionlessen<\/strong>\u00a0|\u00a0<strong>Prijzen inclusief btw<\/strong><br \/>\nPriv\u00e9les dressuur eigen paard\/pony 30 min. | \u20ac 22.50<br \/>\nDuo-les dressuur eigen paard\/pony 30 min.** | \u20ac 27.50<br \/>\nPriv\u00e9les dressuur eigen paard\/pony 60 min. | \u20ac 40.00<br \/>\nDuo-les dressuur eigen paard\/pony 60 min.** | \u20ac 45.00<br \/>\nPriv\u00e9les springen eigen paard\/pony 60 min. | \u20ac 40.00<br \/>\nDuo-les springen eigen paard\/pony 60 min.** | \u20ac 45.00<br \/>\nGroepsles dressuur\/springen voor pensionpaarden*** | \u20ac 12.50 p.p.[\/vc_column_text][\/vc_column][vc_column width=&#8221;1\/2&#8243;][vc_separator sepopt=&#8221;simple&#8221; top=&#8221;20&#8243; bottom=&#8221;20&#8243;][vc_column_text]<strong>Overige<\/strong>\u00a0|\u00a0<strong>Prijzen inclusief btw<\/strong><br \/>\nTraining\/zadelmak maken paard | Prijs op aanvraag<\/p>\n<p>* In de eerste stallingsmaand wordt eenmalig een borg van te hoogte van \u00e9\u00e9n maand stalling gefactureerd.<br \/>\n** Duo-les is priv\u00e9les met twee personen.[\/vc_column_text][\/vc_column][\/vc_row][vc_row css=&#8221;.vc_custom_1507936513279{padding-top: 40px !important;padding-bottom: 40px !important;}&#8221;][vc_column width=&#8221;1\/3&#8243;][vc_single_image image=&#8221;5870&#8243; img_size=&#8221;full&#8221; alignment=&#8221;center&#8221; onclick=&#8221;custom_link&#8221; link=&#8221;https:\/\/www.paardensportcentrumepe.nl\/fr\/vente-jeunes\/&#8221;][vc_column_text]<\/p>\n<h2 style=\"text-align: center; color: #c6a400; font-weight: bold;\">Foals et jeunes chevaux<\/h2>\n<p>[\/vc_column_text][\/vc_column][vc_column width=&#8221;1\/3&#8243;][vc_single_image image=&#8221;5871&#8243; img_size=&#8221;full&#8221; alignment=&#8221;center&#8221; onclick=&#8221;custom_link&#8221; link=&#8221;https:\/\/www.paardensportcentrumepe.nl\/fr\/vente-cso\/&#8221;][vc_column_text]<\/p>\n<h2 style=\"text-align: center; color: #c6a400; font-weight: bold;\">Chevaux C.S.O<\/h2>\n<p>[\/vc_column_text][\/vc_column][vc_column width=&#8221;1\/3&#8243;][vc_single_image image=&#8221;5872&#8243; img_size=&#8221;full&#8221; alignment=&#8221;center&#8221; onclick=&#8221;custom_link&#8221; link=&#8221;https:\/\/www.paardensportcentrumepe.nl\/fr\/vente-dressage\/&#8221;][vc_column_text]<\/p>\n<h2 style=\"text-align: center; color: #c6a400; font-weight: bold;\">Chevaux de dressage<\/h2>\n<p>[\/vc_column_text][\/vc_column][\/vc_row]<\/p>\n","protected":false},"excerpt":{"rendered":"<p>[vc_row row_type=&#8221;full&#8221;][vc_column][vc_images_carousel images=&#8221;5684&#8243; img_size=&#8221;full&#8221; onclick=&#8221;link_no&#8221; speed=&#8221;4000&#8243; autoplay=&#8221;yes&#8221; hide_pagination_control=&#8221;yes&#8221; hide_prev_next_buttons=&#8221;yes&#8221; wrap=&#8221;yes&#8221;][vc_separator sepopt=&#8221;simple&#8221; top=&#8221;50&#8243; bottom=&#8221;50&#8243;][\/vc_column][\/vc_row][vc_row css=&#8221;.vc_custom_1751788132263{padding-top: 30px !important;padding-bottom: 40px !important;background-color: #ffffff !important;}&#8221;][vc_column width=&#8221;1\/2&#8243;][vc_column_text] Tarifs de la pension Nous proposons une pension compl\u00e8te. La pension compl\u00e8te comprend le box, la sellerie, le fourrage standard, les concentr\u00e9s, la paille, le curage du box, l&#8217;entr\u00e9e et la sortie au paddock\/p\u00e2turage et l&#8217;utilisation des installations disponibles. Les chevaux sortent quotidiennement toute l&#8217;ann\u00e9e dans le pr\u00e9 ou, par tr\u00e8s mauvais temps, dans les paddocks. Il est important pour nous que les chevaux puissent se d\u00e9placer librement et socialiser. L&#8217;alimentation est r\u00e9partie tout au long de la journ\u00e9e, &hellip; <a href=\"https:\/\/www.paardensportcentrumepe.nl\/fr\/pension-pour-chevaux\/\">Continued<\/a><\/p>\n","protected":false},"author":1,"featured_media":0,"parent":0,"menu_order":0,"comment_status":"open","ping_status":"open","template":"page-fullwidth.php","meta":[],"acf":[],"yoast_head":"<!-- This site is optimized with the Yoast SEO plugin v14.2 - https:\/\/yoast.com\/wordpress\/plugins\/seo\/ -->\n<title>Pension pour chevaux - PAARDENSPORTCENTRUM EPE<\/title>\n<meta name=\"robots\" content=\"index, follow\" \/>\n<meta name=\"googlebot\" content=\"index, follow, max-snippet:-1, max-image-preview:large, max-video-preview:-1\" \/>\n<meta name=\"bingbot\" content=\"index, follow, max-snippet:-1, max-image-preview:large, max-video-preview:-1\" \/>\n<link rel=\"canonical\" href=\"https:\/\/www.paardensportcentrumepe.nl\/fr\/pension-pour-chevaux\/\" \/>\n<meta property=\"og:locale\" content=\"fr_FR\" \/>\n<meta property=\"og:type\" content=\"article\" \/>\n<meta property=\"og:title\" content=\"Pension pour chevaux - PAARDENSPORTCENTRUM EPE\" \/>\n<meta property=\"og:description\" content=\"[vc_row row_type=&#8221;full&#8221;][vc_column][vc_images_carousel images=&#8221;5684&#8243; img_size=&#8221;full&#8221; onclick=&#8221;link_no&#8221; speed=&#8221;4000&#8243; autoplay=&#8221;yes&#8221; hide_pagination_control=&#8221;yes&#8221; hide_prev_next_buttons=&#8221;yes&#8221; wrap=&#8221;yes&#8221;][vc_separator sepopt=&#8221;simple&#8221; top=&#8221;50&#8243; bottom=&#8221;50&#8243;][\/vc_column][\/vc_row][vc_row css=&#8221;.vc_custom_1751788132263{padding-top: 30px !important;padding-bottom: 40px !important;background-color: #ffffff !important;}&#8221;][vc_column width=&#8221;1\/2&#8243;][vc_column_text] Tarifs de la pension Nous proposons une pension compl\u00e8te. La pension compl\u00e8te comprend le box, la sellerie, le fourrage standard, les concentr\u00e9s, la paille, le curage du box, l&#8217;entr\u00e9e et la sortie au paddock\/p\u00e2turage et l&#8217;utilisation des installations disponibles. Les chevaux sortent quotidiennement toute l&#8217;ann\u00e9e dans le pr\u00e9 ou, par tr\u00e8s mauvais temps, dans les paddocks. Il est important pour nous que les chevaux puissent se d\u00e9placer librement et socialiser. L&#8217;alimentation est r\u00e9partie tout au long de la journ\u00e9e, &hellip; Continued\" \/>\n<meta property=\"og:url\" content=\"https:\/\/www.paardensportcentrumepe.nl\/fr\/pension-pour-chevaux\/\" \/>\n<meta property=\"og:site_name\" content=\"PAARDENSPORTCENTRUM EPE\" \/>\n<meta property=\"article:modified_time\" content=\"2025-07-06T07:56:29+00:00\" \/>\n<meta name=\"twitter:card\" content=\"summary_large_image\" \/>\n<script type=\"application\/ld+json\" class=\"yoast-schema-graph\">{\"@context\":\"https:\/\/schema.org\",\"@graph\":[{\"@type\":\"WebSite\",\"@id\":\"https:\/\/www.paardensportcentrumepe.nl\/fr\/#website\",\"url\":\"https:\/\/www.paardensportcentrumepe.nl\/fr\/\",\"name\":\"PAARDENSPORTCENTRUM EPE\",\"description\":\"Offici\\u00ebl website van de stallen\",\"potentialAction\":[{\"@type\":\"SearchAction\",\"target\":\"https:\/\/www.paardensportcentrumepe.nl\/fr\/?s={search_term_string}\",\"query-input\":\"required name=search_term_string\"}],\"inLanguage\":\"fr-FR\"},{\"@type\":\"WebPage\",\"@id\":\"https:\/\/www.paardensportcentrumepe.nl\/fr\/pension-pour-chevaux\/#webpage\",\"url\":\"https:\/\/www.paardensportcentrumepe.nl\/fr\/pension-pour-chevaux\/\",\"name\":\"Pension pour chevaux - PAARDENSPORTCENTRUM EPE\",\"isPartOf\":{\"@id\":\"https:\/\/www.paardensportcentrumepe.nl\/fr\/#website\"},\"datePublished\":\"2014-09-24T10:35:50+00:00\",\"dateModified\":\"2025-07-06T07:56:29+00:00\",\"inLanguage\":\"fr-FR\",\"potentialAction\":[{\"@type\":\"ReadAction\",\"target\":[\"https:\/\/www.paardensportcentrumepe.nl\/fr\/pension-pour-chevaux\/\"]}]}]}<\/script>\n<!-- \/ Yoast SEO plugin. -->","_links":{"self":[{"href":"https:\/\/www.paardensportcentrumepe.nl\/fr\/wp-json\/wp\/v2\/pages\/1651"}],"collection":[{"href":"https:\/\/www.paardensportcentrumepe.nl\/fr\/wp-json\/wp\/v2\/pages"}],"about":[{"href":"https:\/\/www.paardensportcentrumepe.nl\/fr\/wp-json\/wp\/v2\/types\/page"}],"author":[{"embeddable":true,"href":"https:\/\/www.paardensportcentrumepe.nl\/fr\/wp-json\/wp\/v2\/users\/1"}],"replies":[{"embeddable":true,"href":"https:\/\/www.paardensportcentrumepe.nl\/fr\/wp-json\/wp\/v2\/comments?post=1651"}],"version-history":[{"count":68,"href":"https:\/\/www.paardensportcentrumepe.nl\/fr\/wp-json\/wp\/v2\/pages\/1651\/revisions"}],"predecessor-version":[{"id":7084,"href":"https:\/\/www.paardensportcentrumepe.nl\/fr\/wp-json\/wp\/v2\/pages\/1651\/revisions\/7084"}],"wp:attachment":[{"href":"https:\/\/www.paardensportcentrumepe.nl\/fr\/wp-json\/wp\/v2\/media?parent=1651"}],"curies":[{"name":"wp","href":"https:\/\/api.w.org\/{rel}","templated":true}]}}