{"id":3368,"date":"2014-12-11T12:09:32","date_gmt":"2014-12-11T12:09:32","guid":{"rendered":"http:\/\/cassius.useful-pixels.com\/?page_id=3368"},"modified":"2025-06-17T21:13:36","modified_gmt":"2025-06-17T19:13:36","slug":"accueil","status":"publish","type":"page","link":"https:\/\/www.paardensportcentrumepe.nl\/fr\/","title":{"rendered":"Accueil"},"content":{"rendered":"<p>[vc_row css=&#8221;.vc_custom_1504091097098{padding-bottom: 8px !important;background-color: #222222 !important;}&#8221; font_color=&#8221;#ffffff&#8221;][vc_column][vc_custom_heading text=&#8221;BIENVENUE SUR LE SITE PAARDENSPORTCENTRUM EPE AUX PAYS-BAS&#8221; font_container=&#8221;tag:h1|font_size:27|text_align:center|color:%23c6a400|line_height:35px&#8221; use_theme_fonts=&#8221;yes&#8221; el_class=&#8221;text space text-transform&#8221;][\/vc_column][\/vc_row][vc_row row_type=&#8221;full&#8221; css=&#8221;.vc_custom_1447926461023{background-color: #ffffff !important;}&#8221;][vc_column][vc_separator sepopt=&#8221;shape&#8221; sepshape=&#8221;triangle&#8221; shapecolb=&#8221;#ffffff&#8221; shapecol=&#8221;#222222&#8243;][\/vc_column][\/vc_row][vc_row css=&#8221;.vc_custom_1447109181043{padding-bottom: 15px !important;}&#8221;][vc_column][vc_column_text css_animation=&#8221;bottom-to-top&#8221; css=&#8221;.vc_custom_1572907147629{padding-top: 10px !important;padding-bottom: 10px !important;}&#8221; el_class=&#8221;text-transform&#8221;]<\/p>\n<h3 style=\"text-align: center;\">PAARDENSPORTCENTRUM EPE<\/h3>\n<p>[\/vc_column_text][vc_text_separator title=&#8221;&#8221; color=&#8221;black&#8221; style=&#8221;double&#8221; el_width=&#8221;20&#8243;][vc_empty_space height=&#8221;30px&#8221;][vc_raw_html]JTNDY2VudGVyJTNFJTNDaWZyYW1lJTIwd2lkdGglM0QlMjI1NjAlMjIlMjBoZWlnaHQlM0QlMjIzMTUlMjIlMjBzcmMlM0QlMjJodHRwcyUzQSUyRiUyRnd3dy55b3V0dWJlLW5vY29va2llLmNvbSUyRmVtYmVkJTJGWGoxcDZHd0xJSTQlM0ZyZWwlM0QwJTI2c2hvd2luZm8lM0QwJTI2bW9kZXN0YnJhbmRpbmclM0QxJTIyJTIwZnJhbWVib3JkZXIlM0QlMjIwJTIyJTIwYWxsb3clM0QlMjJhY2NlbGVyb21ldGVyJTNCJTIwYXV0b3BsYXklM0IlMjBjbGlwYm9hcmQtd3JpdGUlM0IlMjBlbmNyeXB0ZWQtbWVkaWElM0IlMjBneXJvc2NvcGUlM0IlMjBwaWN0dXJlLWluLXBpY3R1cmUlMjIlMjBhbGxvd2Z1bGxzY3JlZW4lM0UlM0MlMkZpZnJhbWUlM0UlM0MlMkZjZW50ZXIlM0UlMEE=[\/vc_raw_html][vc_empty_space height=&#8221;30px&#8221;][vc_column_text css_animation=&#8221;left-to-right&#8221; css=&#8221;.vc_custom_1572993143751{padding-bottom: 15px !important;}&#8221;]<\/p>\n<p style=\"text-align: center;\"><strong>Paardensportcentrum Epe <\/strong>est un man\u00e8ge et une pension pour chevaux situ\u00e9s \u00e0 Epe, \u00e0 la lisi\u00e8re de la Veluwe.<br \/>\nQu&#8217;ils soient jeunes ou moins jeunes, novices ou exp\u00e9riment\u00e9s, chez nous, les amateurs de chevaux sont au bon endroit pour se d\u00e9couvrir et s&#8217;amuser.[\/vc_column_text][\/vc_column][\/vc_row][vc_row css=&#8221;.vc_custom_1448280705221{padding-bottom: 65px !important;}&#8221;][vc_column width=&#8221;1\/3&#8243; offset=&#8221;vc_col-md-offset-0 vc_col-sm-offset-0&#8243;][horseclub_service_box sertitle=&#8221;Nos installations&#8221; serdes=&#8221;D\u00e9couvrez nos infrastructures&#8221; servimg=&#8221;5773&#8243; servlink=&#8221;https:\/\/www.paardensportcentrumepe.nl\/fr\/installations\/&#8221;][\/vc_column][vc_column width=&#8221;1\/3&#8243; offset=&#8221;vc_col-md-offset-0&#8243;][horseclub_service_box sertitle=&#8221;Manege&#8221; serdes=&#8221;Nos services d&#8217;accueil et bien \u00eatre pour vos chevaux&#8221; servimg=&#8221;5696&#8243; servlink=&#8221;https:\/\/www.paardensportcentrumepe.nl\/fr\/manege\/&#8221;][\/vc_column][vc_column width=&#8221;1\/3&#8243;][horseclub_service_box sertitle=&#8221;Pension pour chevaux&#8221; serdes=&#8221;Notre \u00e9levage de chevaux destin\u00e9s \u00e0 la comp\u00e9tition&#8221; servimg=&#8221;5694&#8243; servlink=&#8221;https:\/\/www.paardensportcentrumepe.nl\/fr\/pension-pour-chevaux\/&#8221;][\/vc_column][\/vc_row][vc_row row_type=&#8221;parallax&#8221; css=&#8221;.vc_custom_1448715644675{background-position: center !important;background-repeat: no-repeat !important;background-size: cover !important;}&#8221; koko=&#8221;300&#8243; p_bg_image=&#8221;5022&#8243;][vc_column width=&#8221;1\/2&#8243; css=&#8221;.vc_custom_1448958315565{background-color: rgba(34,34,34,0.2) !important;*background-color: rgb(34,34,34) !important;}&#8221;][vc_empty_space height=&#8221;35px&#8221;][vc_column_text]<\/p>\n<h3 style=\"text-align: center;\"><span style=\"color: #b89f5c;\">CHRISTOPHER MASSON<\/span><\/h3>\n<p>[\/vc_column_text][vc_column_text css=&#8221;.vc_custom_1572877203192{padding-top: 20px !important;}&#8221;]<\/p>\n<p style=\"text-align: center;\"><span style=\"color: #c5c5c5;\">Passionn\u00e9 de chevaux depuis sa plus tendre enfance, Christopher a \u00e9t\u00e9 form\u00e9 en France par Sylvie Corellou (dressage) et Thierry Pomel (saut d\u2019obstacles).<\/span><\/p>\n<p>[\/vc_column_text][vc_empty_space height=&#8221;30px&#8221;][vc_button color=&#8221;up_btn-d&#8221; align=&#8221;center&#8221; title=&#8221;Lire la suite&#8230;&#8221; href=&#8221;christopher-masson\/&#8221;][vc_empty_space height=&#8221;43px&#8221;][\/vc_column][vc_column width=&#8221;1\/2&#8243;][vc_empty_space height=&#8221;35px&#8221;][vc_column_text]<\/p>\n<h3 style=\"text-align: center;\"><span style=\"color: #b89f5c;\">MARI\u00cbTTE JANSEN<\/span><\/h3>\n<p>[\/vc_column_text][vc_column_text css=&#8221;.vc_custom_1572877226055{padding-top: 20px !important;}&#8221;]<\/p>\n<p style=\"text-align: center;\"><span style=\"color: #c5c5c5;\">Pour ses onze ans, Mari\u00ebtte re\u00e7oit en cadeau sa premi\u00e8re le\u00e7on d\u2019\u00e9quitation. Cette premi\u00e8re le\u00e7on fut le d\u00e9clic. <\/span><\/p>\n<p>[\/vc_column_text][vc_empty_space height=&#8221;30px&#8221;][vc_button color=&#8221;up_btn-d&#8221; align=&#8221;center&#8221; title=&#8221;Lire la suite&#8230;&#8221; href=&#8221;mariette-jansen\/&#8221;][vc_empty_space height=&#8221;43px&#8221;][\/vc_column][\/vc_row][vc_row css=&#8221;.vc_custom_1448295355291{padding-top: 15px !important;padding-bottom: 15px !important;background-color: #f7f7f7 !important;}&#8221;][vc_column][vc_column_text css_animation=&#8221;bottom-to-top&#8221; css=&#8221;.vc_custom_1572877249813{padding-bottom: 10px !important;}&#8221;]<\/p>\n<h3 style=\"text-align: center;\">LES DERNI\u00c8RES ACTUALIT\u00c9S<\/h3>\n<p>[\/vc_column_text][vc_text_separator title=&#8221;PAARDENSPORTCENTRUM EPE&#8221; color=&#8221;black&#8221; style=&#8221;double&#8221; el_width=&#8221;30&#8243;][vc_empty_space height=&#8221;40&#8243;][horseclub_latest_post lplayout=&#8221;lp_three&#8221; postperpage=&#8221;3&#8243;][\/vc_column][\/vc_row][vc_row row_type=&#8221;full&#8221; css=&#8221;.vc_custom_1447165163711{background-color: #ffffff !important;}&#8221;][vc_column][vc_separator sepopt=&#8221;shape&#8221; sepshape=&#8221;triangle&#8221; shapecolb=&#8221;#ffffff&#8221; shapecol=&#8221;#222222&#8243;][\/vc_column][\/vc_row][vc_row css=&#8221;.vc_custom_1448282309971{padding-top: 20px !important;padding-bottom: 35px !important;background-color: #222222 !important;}&#8221;][vc_column][vc_column_text]<\/p>\n<h3 style=\"text-align: center;\"><span style=\"color: #b89f5c;\">PLUS D&#8217;INFORMATIONS<\/span><\/h3>\n<p>[\/vc_column_text][vc_empty_space height=&#8221;16px&#8221;][vc_button color=&#8221;up_btn-d&#8221; align=&#8221;center&#8221; title=&#8221;CONTACTEZ-NOUS&#8221; href=&#8221;contact\/&#8221;][\/vc_column][\/vc_row]<\/p>\n","protected":false},"excerpt":{"rendered":"<p>[vc_row css=&#8221;.vc_custom_1504091097098{padding-bottom: 8px !important;background-color: #222222 !important;}&#8221; font_color=&#8221;#ffffff&#8221;][vc_column][vc_custom_heading text=&#8221;BIENVENUE SUR LE SITE PAARDENSPORTCENTRUM EPE AUX PAYS-BAS&#8221; font_container=&#8221;tag:h1|font_size:27|text_align:center|color:%23c6a400|line_height:35px&#8221; use_theme_fonts=&#8221;yes&#8221; el_class=&#8221;text space text-transform&#8221;][\/vc_column][\/vc_row][vc_row row_type=&#8221;full&#8221; css=&#8221;.vc_custom_1447926461023{background-color: #ffffff !important;}&#8221;][vc_column][vc_separator sepopt=&#8221;shape&#8221; sepshape=&#8221;triangle&#8221; shapecolb=&#8221;#ffffff&#8221; shapecol=&#8221;#222222&#8243;][\/vc_column][\/vc_row][vc_row css=&#8221;.vc_custom_1447109181043{padding-bottom: 15px !important;}&#8221;][vc_column][vc_column_text css_animation=&#8221;bottom-to-top&#8221; css=&#8221;.vc_custom_1572907147629{padding-top: 10px !important;padding-bottom: 10px !important;}&#8221; el_class=&#8221;text-transform&#8221;] PAARDENSPORTCENTRUM EPE [\/vc_column_text][vc_text_separator title=&#8221;&#8221; color=&#8221;black&#8221; style=&#8221;double&#8221; el_width=&#8221;20&#8243;][vc_empty_space height=&#8221;30px&#8221;][vc_raw_html]JTNDY2VudGVyJTNFJTNDaWZyYW1lJTIwd2lkdGglM0QlMjI1NjAlMjIlMjBoZWlnaHQlM0QlMjIzMTUlMjIlMjBzcmMlM0QlMjJodHRwcyUzQSUyRiUyRnd3dy55b3V0dWJlLW5vY29va2llLmNvbSUyRmVtYmVkJTJGWGoxcDZHd0xJSTQlM0ZyZWwlM0QwJTI2c2hvd2luZm8lM0QwJTI2bW9kZXN0YnJhbmRpbmclM0QxJTIyJTIwZnJhbWVib3JkZXIlM0QlMjIwJTIyJTIwYWxsb3clM0QlMjJhY2NlbGVyb21ldGVyJTNCJTIwYXV0b3BsYXklM0IlMjBjbGlwYm9hcmQtd3JpdGUlM0IlMjBlbmNyeXB0ZWQtbWVkaWElM0IlMjBneXJvc2NvcGUlM0IlMjBwaWN0dXJlLWluLXBpY3R1cmUlMjIlMjBhbGxvd2Z1bGxzY3JlZW4lM0UlM0MlMkZpZnJhbWUlM0UlM0MlMkZjZW50ZXIlM0UlMEE=[\/vc_raw_html][vc_empty_space height=&#8221;30px&#8221;][vc_column_text css_animation=&#8221;left-to-right&#8221; css=&#8221;.vc_custom_1572993143751{padding-bottom: 15px !important;}&#8221;] Paardensportcentrum Epe est un man\u00e8ge et une pension pour chevaux situ\u00e9s \u00e0 Epe, \u00e0 la lisi\u00e8re de la Veluwe. Qu&#8217;ils soient jeunes ou moins jeunes, novices ou exp\u00e9riment\u00e9s, chez nous, les amateurs de chevaux sont au bon endroit pour se d\u00e9couvrir et s&#8217;amuser.[\/vc_column_text][\/vc_column][\/vc_row][vc_row css=&#8221;.vc_custom_1448280705221{padding-bottom: 65px !important;}&#8221;][vc_column width=&#8221;1\/3&#8243; offset=&#8221;vc_col-md-offset-0 vc_col-sm-offset-0&#8243;][horseclub_service_box &hellip; <a href=\"https:\/\/www.paardensportcentrumepe.nl\/fr\/\">Continued<\/a><\/p>\n","protected":false},"author":1,"featured_media":0,"parent":0,"menu_order":0,"comment_status":"closed","ping_status":"closed","template":"page-fullwidth.php","meta":[],"acf":[],"yoast_head":"<!-- This site is optimized with the Yoast SEO plugin v14.2 - https:\/\/yoast.com\/wordpress\/plugins\/seo\/ -->\n<title>Accueil - PAARDENSPORTCENTRUM EPE<\/title>\n<meta name=\"robots\" content=\"index, follow\" \/>\n<meta name=\"googlebot\" content=\"index, follow, max-snippet:-1, max-image-preview:large, max-video-preview:-1\" \/>\n<meta name=\"bingbot\" content=\"index, follow, max-snippet:-1, max-image-preview:large, max-video-preview:-1\" \/>\n<link rel=\"canonical\" href=\"https:\/\/www.paardensportcentrumepe.nl\/fr\/\" \/>\n<meta property=\"og:locale\" content=\"fr_FR\" \/>\n<meta property=\"og:type\" content=\"article\" \/>\n<meta property=\"og:title\" content=\"Accueil - PAARDENSPORTCENTRUM EPE\" \/>\n<meta property=\"og:description\" content=\"[vc_row css=&#8221;.vc_custom_1504091097098{padding-bottom: 8px !important;background-color: #222222 !important;}&#8221; font_color=&#8221;#ffffff&#8221;][vc_column][vc_custom_heading text=&#8221;BIENVENUE SUR LE SITE PAARDENSPORTCENTRUM EPE AUX PAYS-BAS&#8221; font_container=&#8221;tag:h1|font_size:27|text_align:center|color:%23c6a400|line_height:35px&#8221; use_theme_fonts=&#8221;yes&#8221; el_class=&#8221;text space text-transform&#8221;][\/vc_column][\/vc_row][vc_row row_type=&#8221;full&#8221; css=&#8221;.vc_custom_1447926461023{background-color: #ffffff !important;}&#8221;][vc_column][vc_separator sepopt=&#8221;shape&#8221; sepshape=&#8221;triangle&#8221; shapecolb=&#8221;#ffffff&#8221; shapecol=&#8221;#222222&#8243;][\/vc_column][\/vc_row][vc_row css=&#8221;.vc_custom_1447109181043{padding-bottom: 15px !important;}&#8221;][vc_column][vc_column_text css_animation=&#8221;bottom-to-top&#8221; css=&#8221;.vc_custom_1572907147629{padding-top: 10px !important;padding-bottom: 10px !important;}&#8221; el_class=&#8221;text-transform&#8221;] PAARDENSPORTCENTRUM EPE [\/vc_column_text][vc_text_separator title=&#8221;&#8221; color=&#8221;black&#8221; style=&#8221;double&#8221; el_width=&#8221;20&#8243;][vc_empty_space height=&#8221;30px&#8221;][vc_raw_html]JTNDY2VudGVyJTNFJTNDaWZyYW1lJTIwd2lkdGglM0QlMjI1NjAlMjIlMjBoZWlnaHQlM0QlMjIzMTUlMjIlMjBzcmMlM0QlMjJodHRwcyUzQSUyRiUyRnd3dy55b3V0dWJlLW5vY29va2llLmNvbSUyRmVtYmVkJTJGWGoxcDZHd0xJSTQlM0ZyZWwlM0QwJTI2c2hvd2luZm8lM0QwJTI2bW9kZXN0YnJhbmRpbmclM0QxJTIyJTIwZnJhbWVib3JkZXIlM0QlMjIwJTIyJTIwYWxsb3clM0QlMjJhY2NlbGVyb21ldGVyJTNCJTIwYXV0b3BsYXklM0IlMjBjbGlwYm9hcmQtd3JpdGUlM0IlMjBlbmNyeXB0ZWQtbWVkaWElM0IlMjBneXJvc2NvcGUlM0IlMjBwaWN0dXJlLWluLXBpY3R1cmUlMjIlMjBhbGxvd2Z1bGxzY3JlZW4lM0UlM0MlMkZpZnJhbWUlM0UlM0MlMkZjZW50ZXIlM0UlMEE=[\/vc_raw_html][vc_empty_space height=&#8221;30px&#8221;][vc_column_text css_animation=&#8221;left-to-right&#8221; css=&#8221;.vc_custom_1572993143751{padding-bottom: 15px !important;}&#8221;] Paardensportcentrum Epe est un man\u00e8ge et une pension pour chevaux situ\u00e9s \u00e0 Epe, \u00e0 la lisi\u00e8re de la Veluwe. Qu&#8217;ils soient jeunes ou moins jeunes, novices ou exp\u00e9riment\u00e9s, chez nous, les amateurs de chevaux sont au bon endroit pour se d\u00e9couvrir et s&#8217;amuser.[\/vc_column_text][\/vc_column][\/vc_row][vc_row css=&#8221;.vc_custom_1448280705221{padding-bottom: 65px !important;}&#8221;][vc_column width=&#8221;1\/3&#8243; offset=&#8221;vc_col-md-offset-0 vc_col-sm-offset-0&#8243;][horseclub_service_box &hellip; Continued\" \/>\n<meta property=\"og:url\" content=\"https:\/\/www.paardensportcentrumepe.nl\/fr\/\" \/>\n<meta property=\"og:site_name\" content=\"PAARDENSPORTCENTRUM EPE\" \/>\n<meta property=\"article:modified_time\" content=\"2025-06-17T19:13:36+00:00\" \/>\n<meta name=\"twitter:card\" content=\"summary_large_image\" \/>\n<script type=\"application\/ld+json\" class=\"yoast-schema-graph\">{\"@context\":\"https:\/\/schema.org\",\"@graph\":[{\"@type\":\"WebSite\",\"@id\":\"https:\/\/www.paardensportcentrumepe.nl\/fr\/#website\",\"url\":\"https:\/\/www.paardensportcentrumepe.nl\/fr\/\",\"name\":\"PAARDENSPORTCENTRUM EPE\",\"description\":\"Offici\\u00ebl website van de stallen\",\"potentialAction\":[{\"@type\":\"SearchAction\",\"target\":\"https:\/\/www.paardensportcentrumepe.nl\/fr\/?s={search_term_string}\",\"query-input\":\"required name=search_term_string\"}],\"inLanguage\":\"fr-FR\"},{\"@type\":\"WebPage\",\"@id\":\"https:\/\/www.paardensportcentrumepe.nl\/fr\/#webpage\",\"url\":\"https:\/\/www.paardensportcentrumepe.nl\/fr\/\",\"name\":\"Accueil - PAARDENSPORTCENTRUM EPE\",\"isPartOf\":{\"@id\":\"https:\/\/www.paardensportcentrumepe.nl\/fr\/#website\"},\"datePublished\":\"2014-12-11T12:09:32+00:00\",\"dateModified\":\"2025-06-17T19:13:36+00:00\",\"inLanguage\":\"fr-FR\",\"potentialAction\":[{\"@type\":\"ReadAction\",\"target\":[\"https:\/\/www.paardensportcentrumepe.nl\/fr\/\"]}]}]}<\/script>\n<!-- \/ Yoast SEO plugin. -->","_links":{"self":[{"href":"https:\/\/www.paardensportcentrumepe.nl\/fr\/wp-json\/wp\/v2\/pages\/3368"}],"collection":[{"href":"https:\/\/www.paardensportcentrumepe.nl\/fr\/wp-json\/wp\/v2\/pages"}],"about":[{"href":"https:\/\/www.paardensportcentrumepe.nl\/fr\/wp-json\/wp\/v2\/types\/page"}],"author":[{"embeddable":true,"href":"https:\/\/www.paardensportcentrumepe.nl\/fr\/wp-json\/wp\/v2\/users\/1"}],"replies":[{"embeddable":true,"href":"https:\/\/www.paardensportcentrumepe.nl\/fr\/wp-json\/wp\/v2\/comments?post=3368"}],"version-history":[{"count":49,"href":"https:\/\/www.paardensportcentrumepe.nl\/fr\/wp-json\/wp\/v2\/pages\/3368\/revisions"}],"predecessor-version":[{"id":7053,"href":"https:\/\/www.paardensportcentrumepe.nl\/fr\/wp-json\/wp\/v2\/pages\/3368\/revisions\/7053"}],"wp:attachment":[{"href":"https:\/\/www.paardensportcentrumepe.nl\/fr\/wp-json\/wp\/v2\/media?parent=3368"}],"curies":[{"name":"wp","href":"https:\/\/api.w.org\/{rel}","templated":true}]}}