{"id":5363,"date":"2017-08-30T13:08:19","date_gmt":"2017-08-30T11:08:19","guid":{"rendered":"http:\/\/cmequifrxt.cluster023.hosting.ovh.net\/v2\/?page_id=5363"},"modified":"2025-07-06T10:08:03","modified_gmt":"2025-07-06T08:08:03","slug":"nettoyage-des-couvertures","status":"publish","type":"page","link":"https:\/\/www.paardensportcentrumepe.nl\/fr\/nettoyage-des-couvertures\/","title":{"rendered":"Nettoyage des couvertures"},"content":{"rendered":"<p>[vc_row row_type=&#8221;full&#8221;][vc_column][vc_images_carousel images=&#8221;5687&#8243; img_size=&#8221;full&#8221; onclick=&#8221;link_no&#8221; speed=&#8221;4000&#8243; autoplay=&#8221;yes&#8221; hide_pagination_control=&#8221;yes&#8221; hide_prev_next_buttons=&#8221;yes&#8221; wrap=&#8221;yes&#8221;][\/vc_column][\/vc_row][vc_row css=&#8221;.vc_custom_1504097829699{padding-top: 30px !important;}&#8221; font_color=&#8221;#ffffff&#8221;][vc_column][vc_column_text]<\/p>\n<h2 class=\"p1\"><strong>Nettoyage des couvertures<\/strong><\/h2>\n<p class=\"p1\">Nous disposons d&#8217;une laveuse et d\u2019une s\u00e9cheuse industrielles pour nettoyer les couvertures de chevaux. Nous nettoyons les couvertures de chevaux et pouvons les imperm\u00e9abiliser et\/ou les d\u00e9sinfecter. Pour plus d&#8217;informations sur le d\u00e9p\u00f4t ou le retrait de couvertures, veuillez t\u00e9l\u00e9phoner \u00e0 Christopher au 06 13 89 64 34.<\/p>\n<p><strong>Dekenwasserij<\/strong>\u00a0|\u00a0<strong>Prijzen inclusief btw<\/strong><br \/>\nDeken wassen &lt;300 gram | \u20ac 9,50 per stuk<br \/>\nDeken wassen\u00a0 &gt;300 gram | \u20ac 12,00 per stuk<br \/>\nLosse hals | \u20ac 4,00 per stuk<br \/>\nZadeldek wassen | \u20ac 4,00 per stuk<br \/>\nWesternpad | \u20ac 7,50 per stuk<br \/>\nBeenbeschermers\/bandages wassen | \u20ac 2,00 per paar<br \/>\nWaterdicht maken of ontsmetten deken | \u20ac 5,00 per deken<br \/>\nOntsmetten deken of overige | \u20ac 5,00 per deken<br \/>\nBehandeling met Bucas middelen | \u20ac 12.50 per deken<\/p>\n<p>*Vanaf 15 dekens krijgt u 10% korting op de bovenstaande prijzen.[\/vc_column_text][\/vc_column][\/vc_row][vc_row css=&#8221;.vc_custom_1504097822830{padding-top: 30px !important;padding-bottom: 40px !important;}&#8221; font_color=&#8221;#ffffff&#8221;][vc_column][vc_media_grid grid_id=&#8221;vc_gid:1751789229578-1801761a3aa079e0cabe7df2ba6d283e-3&#8243; include=&#8221;5848,5828,5836&#8243;][\/vc_column][\/vc_row]<\/p>\n","protected":false},"excerpt":{"rendered":"<p>[vc_row row_type=&#8221;full&#8221;][vc_column][vc_images_carousel images=&#8221;5687&#8243; img_size=&#8221;full&#8221; onclick=&#8221;link_no&#8221; speed=&#8221;4000&#8243; autoplay=&#8221;yes&#8221; hide_pagination_control=&#8221;yes&#8221; hide_prev_next_buttons=&#8221;yes&#8221; wrap=&#8221;yes&#8221;][\/vc_column][\/vc_row][vc_row css=&#8221;.vc_custom_1504097829699{padding-top: 30px !important;}&#8221; font_color=&#8221;#ffffff&#8221;][vc_column][vc_column_text] Nettoyage des couvertures Nous disposons d&#8217;une laveuse et d\u2019une s\u00e9cheuse industrielles pour nettoyer les couvertures de chevaux. Nous nettoyons les couvertures de chevaux et pouvons les imperm\u00e9abiliser et\/ou les d\u00e9sinfecter. Pour plus d&#8217;informations sur le d\u00e9p\u00f4t ou le retrait de couvertures, veuillez t\u00e9l\u00e9phoner \u00e0 Christopher au 06 13 89 64 34. Dekenwasserij\u00a0|\u00a0Prijzen inclusief btw Deken wassen &lt;300 gram | \u20ac 9,50 per stuk Deken wassen\u00a0 &gt;300 gram | \u20ac 12,00 per stuk Losse hals | \u20ac 4,00 per stuk Zadeldek wassen | \u20ac 4,00 per stuk &hellip; <a href=\"https:\/\/www.paardensportcentrumepe.nl\/fr\/nettoyage-des-couvertures\/\">Continued<\/a><\/p>\n","protected":false},"author":1,"featured_media":0,"parent":0,"menu_order":0,"comment_status":"closed","ping_status":"closed","template":"page-fullwidth.php","meta":[],"acf":[],"yoast_head":"<!-- This site is optimized with the Yoast SEO plugin v14.2 - https:\/\/yoast.com\/wordpress\/plugins\/seo\/ -->\n<title>Nettoyage des couvertures - PAARDENSPORTCENTRUM EPE<\/title>\n<meta name=\"robots\" content=\"index, follow\" \/>\n<meta name=\"googlebot\" content=\"index, follow, max-snippet:-1, max-image-preview:large, max-video-preview:-1\" \/>\n<meta name=\"bingbot\" content=\"index, follow, max-snippet:-1, max-image-preview:large, max-video-preview:-1\" \/>\n<link rel=\"canonical\" href=\"https:\/\/www.paardensportcentrumepe.nl\/fr\/nettoyage-des-couvertures\/\" \/>\n<meta property=\"og:locale\" content=\"fr_FR\" \/>\n<meta property=\"og:type\" content=\"article\" \/>\n<meta property=\"og:title\" content=\"Nettoyage des couvertures - PAARDENSPORTCENTRUM EPE\" \/>\n<meta property=\"og:description\" content=\"[vc_row row_type=&#8221;full&#8221;][vc_column][vc_images_carousel images=&#8221;5687&#8243; img_size=&#8221;full&#8221; onclick=&#8221;link_no&#8221; speed=&#8221;4000&#8243; autoplay=&#8221;yes&#8221; hide_pagination_control=&#8221;yes&#8221; hide_prev_next_buttons=&#8221;yes&#8221; wrap=&#8221;yes&#8221;][\/vc_column][\/vc_row][vc_row css=&#8221;.vc_custom_1504097829699{padding-top: 30px !important;}&#8221; font_color=&#8221;#ffffff&#8221;][vc_column][vc_column_text] Nettoyage des couvertures Nous disposons d&#8217;une laveuse et d\u2019une s\u00e9cheuse industrielles pour nettoyer les couvertures de chevaux. Nous nettoyons les couvertures de chevaux et pouvons les imperm\u00e9abiliser et\/ou les d\u00e9sinfecter. Pour plus d&#8217;informations sur le d\u00e9p\u00f4t ou le retrait de couvertures, veuillez t\u00e9l\u00e9phoner \u00e0 Christopher au 06 13 89 64 34. Dekenwasserij\u00a0|\u00a0Prijzen inclusief btw Deken wassen &lt;300 gram | \u20ac 9,50 per stuk Deken wassen\u00a0 &gt;300 gram | \u20ac 12,00 per stuk Losse hals | \u20ac 4,00 per stuk Zadeldek wassen | \u20ac 4,00 per stuk &hellip; Continued\" \/>\n<meta property=\"og:url\" content=\"https:\/\/www.paardensportcentrumepe.nl\/fr\/nettoyage-des-couvertures\/\" \/>\n<meta property=\"og:site_name\" content=\"PAARDENSPORTCENTRUM EPE\" \/>\n<meta property=\"article:modified_time\" content=\"2025-07-06T08:08:03+00:00\" \/>\n<meta name=\"twitter:card\" content=\"summary_large_image\" \/>\n<script type=\"application\/ld+json\" class=\"yoast-schema-graph\">{\"@context\":\"https:\/\/schema.org\",\"@graph\":[{\"@type\":\"WebSite\",\"@id\":\"https:\/\/www.paardensportcentrumepe.nl\/fr\/#website\",\"url\":\"https:\/\/www.paardensportcentrumepe.nl\/fr\/\",\"name\":\"PAARDENSPORTCENTRUM EPE\",\"description\":\"Offici\\u00ebl website van de stallen\",\"potentialAction\":[{\"@type\":\"SearchAction\",\"target\":\"https:\/\/www.paardensportcentrumepe.nl\/fr\/?s={search_term_string}\",\"query-input\":\"required name=search_term_string\"}],\"inLanguage\":\"fr-FR\"},{\"@type\":\"WebPage\",\"@id\":\"https:\/\/www.paardensportcentrumepe.nl\/fr\/nettoyage-des-couvertures\/#webpage\",\"url\":\"https:\/\/www.paardensportcentrumepe.nl\/fr\/nettoyage-des-couvertures\/\",\"name\":\"Nettoyage des couvertures - PAARDENSPORTCENTRUM EPE\",\"isPartOf\":{\"@id\":\"https:\/\/www.paardensportcentrumepe.nl\/fr\/#website\"},\"datePublished\":\"2017-08-30T11:08:19+00:00\",\"dateModified\":\"2025-07-06T08:08:03+00:00\",\"inLanguage\":\"fr-FR\",\"potentialAction\":[{\"@type\":\"ReadAction\",\"target\":[\"https:\/\/www.paardensportcentrumepe.nl\/fr\/nettoyage-des-couvertures\/\"]}]}]}<\/script>\n<!-- \/ Yoast SEO plugin. -->","_links":{"self":[{"href":"https:\/\/www.paardensportcentrumepe.nl\/fr\/wp-json\/wp\/v2\/pages\/5363"}],"collection":[{"href":"https:\/\/www.paardensportcentrumepe.nl\/fr\/wp-json\/wp\/v2\/pages"}],"about":[{"href":"https:\/\/www.paardensportcentrumepe.nl\/fr\/wp-json\/wp\/v2\/types\/page"}],"author":[{"embeddable":true,"href":"https:\/\/www.paardensportcentrumepe.nl\/fr\/wp-json\/wp\/v2\/users\/1"}],"replies":[{"embeddable":true,"href":"https:\/\/www.paardensportcentrumepe.nl\/fr\/wp-json\/wp\/v2\/comments?post=5363"}],"version-history":[{"count":40,"href":"https:\/\/www.paardensportcentrumepe.nl\/fr\/wp-json\/wp\/v2\/pages\/5363\/revisions"}],"predecessor-version":[{"id":7092,"href":"https:\/\/www.paardensportcentrumepe.nl\/fr\/wp-json\/wp\/v2\/pages\/5363\/revisions\/7092"}],"wp:attachment":[{"href":"https:\/\/www.paardensportcentrumepe.nl\/fr\/wp-json\/wp\/v2\/media?parent=5363"}],"curies":[{"name":"wp","href":"https:\/\/api.w.org\/{rel}","templated":true}]}}