{"id":5380,"date":"2017-08-30T15:04:30","date_gmt":"2017-08-30T13:04:30","guid":{"rendered":"http:\/\/cmequifrxt.cluster023.hosting.ovh.net\/v2\/?page_id=5380"},"modified":"2025-06-07T13:57:13","modified_gmt":"2025-06-07T11:57:13","slug":"installations","status":"publish","type":"page","link":"https:\/\/www.paardensportcentrumepe.nl\/fr\/installations\/","title":{"rendered":"Installations"},"content":{"rendered":"<p>[vc_row row_type=&#8221;full&#8221;][vc_column][vc_images_carousel images=&#8221;6978&#8243; img_size=&#8221;full&#8221; onclick=&#8221;link_no&#8221; speed=&#8221;4000&#8243; autoplay=&#8221;yes&#8221; hide_pagination_control=&#8221;yes&#8221; hide_prev_next_buttons=&#8221;yes&#8221; wrap=&#8221;yes&#8221;][\/vc_column][\/vc_row][vc_row font_color=&#8221;#ffffff&#8221; css=&#8221;.vc_custom_1504098679512{padding-top: 30px !important;}&#8221;][vc_column][vc_column_text]<\/p>\n<h2>Les installations<\/h2>\n<p>Le <strong>Paardensportcentrum Epe<\/strong> est situ\u00e9 dans une zone bois\u00e9e et se trouve \u00e0 cinq minutes de la Veluwe et de son Trail.<\/p>\n<p>Le Veluwe Trail est la piste de longue distance le plus c\u00e9l\u00e8bre parmi les cavaliers et conducteurs d&#8217;attelage aux Pays-Bas. Il traverse l&#8217;une des plus belles r\u00e9serves naturelles de notre pays : la Veluwe, avec ses vastes for\u00eats et bruy\u00e8res, entrecoup\u00e9es de zones agricoles et de dunes mouvantes. L\u2019itin\u00e9raire suit par endroits une portion de la voie publique, mais comprend surtout des chemins de terre. Le Veluwe Trail est un sentier continu qui peut se faire en neuf excursions d&#8217;un jour, soit plus de 500 km d&#8217;itin\u00e9raire balis\u00e9, adapt\u00e9 tant au cavalier qu&#8217;au conducteur d&#8217;attelage.[\/vc_column_text][vc_media_grid element_width=&#8221;3&#8243; grid_id=&#8221;vc_gid:1749297256387-a6950c94-6115-4&#8243; include=&#8221;6929,6913,5385,5382&#8243; css=&#8221;.vc_custom_1749297372722{padding-top: 30px !important;padding-bottom: 30px !important;}&#8221;][\/vc_column][\/vc_row][vc_row font_color=&#8221;#ffffff&#8221; css=&#8221;.vc_custom_1688417722210{padding-top: 30px !important;}&#8221;][vc_column width=&#8221;1\/2&#8243;][vc_column_text]<\/p>\n<ul>\n<li>Carri\u00e8re<\/li>\n<li>Man\u00e8ge couvert<\/li>\n<li>Paddocks de sable<\/li>\n<li>Pr\u00e9s<\/li>\n<\/ul>\n<p>[\/vc_column_text][\/vc_column][vc_column width=&#8221;1\/2&#8243;][vc_column_text]<\/p>\n<ul>\n<li>Solarium \u00e0 infrarouge<\/li>\n<li>Douche chevaux avec eau chaude et froide<\/li>\n<li>Foyer<\/li>\n<li>Parking couvert pour van<\/li>\n<\/ul>\n<p>[\/vc_column_text][\/vc_column][\/vc_row][vc_row font_color=&#8221;#ffffff&#8221; css=&#8221;.vc_custom_1504098679512{padding-top: 30px !important;}&#8221;][vc_column][vc_column_text]<\/p>\n<h2>Le foyer<\/h2>\n<p>Notre foyer \u00e0 l\u2019ambiance chaleureuse est ouvert pendant les cours d&#8217;\u00e9quitation et les \u00e9v\u00e9nements. Il donne sur la piste couverte, et vous permet d\u2019observer chevaux et cavaliers tout en d\u00e9gustant un en-cas et une boisson.<\/p>\n<p>Nous louons \u00e9galement notre foyer pour des r\u00e9unions.<\/p>\n<p>N&#8217;h\u00e9sitez pas \u00e0 nous contacter pour plus d&#8217;informations.[\/vc_column_text][\/vc_column][\/vc_row][vc_row css=&#8221;.vc_custom_1507640013500{padding-top: 30px !important;padding-bottom: 40px !important;}&#8221; font_color=&#8221;#ffffff&#8221;][vc_column width=&#8221;1\/2&#8243;][vc_single_image image=&#8221;6806&#8243; img_size=&#8221;full&#8221;][\/vc_column][vc_column width=&#8221;1\/2&#8243;][vc_single_image image=&#8221;6810&#8243; img_size=&#8221;full&#8221;][\/vc_column][\/vc_row]<\/p>\n","protected":false},"excerpt":{"rendered":"<p>[vc_row row_type=&#8221;full&#8221;][vc_column][vc_images_carousel images=&#8221;6978&#8243; img_size=&#8221;full&#8221; onclick=&#8221;link_no&#8221; speed=&#8221;4000&#8243; autoplay=&#8221;yes&#8221; hide_pagination_control=&#8221;yes&#8221; hide_prev_next_buttons=&#8221;yes&#8221; wrap=&#8221;yes&#8221;][\/vc_column][\/vc_row][vc_row font_color=&#8221;#ffffff&#8221; css=&#8221;.vc_custom_1504098679512{padding-top: 30px !important;}&#8221;][vc_column][vc_column_text] Les installations Le Paardensportcentrum Epe est situ\u00e9 dans une zone bois\u00e9e et se trouve \u00e0 cinq minutes de la Veluwe et de son Trail. Le Veluwe Trail est la piste de longue distance le plus c\u00e9l\u00e8bre parmi les cavaliers et conducteurs d&#8217;attelage aux Pays-Bas. Il traverse l&#8217;une des plus belles r\u00e9serves naturelles de notre pays : la Veluwe, avec ses vastes for\u00eats et bruy\u00e8res, entrecoup\u00e9es de zones agricoles et de dunes mouvantes. L\u2019itin\u00e9raire suit par endroits une portion de la voie publique, mais comprend surtout des &hellip; <a href=\"https:\/\/www.paardensportcentrumepe.nl\/fr\/installations\/\">Continued<\/a><\/p>\n","protected":false},"author":1,"featured_media":0,"parent":0,"menu_order":0,"comment_status":"closed","ping_status":"closed","template":"page-fullwidth.php","meta":[],"acf":[],"yoast_head":"<!-- This site is optimized with the Yoast SEO plugin v14.2 - https:\/\/yoast.com\/wordpress\/plugins\/seo\/ -->\n<title>Installations - PAARDENSPORTCENTRUM EPE<\/title>\n<meta name=\"robots\" content=\"index, follow\" \/>\n<meta name=\"googlebot\" content=\"index, follow, max-snippet:-1, max-image-preview:large, max-video-preview:-1\" \/>\n<meta name=\"bingbot\" content=\"index, follow, max-snippet:-1, max-image-preview:large, max-video-preview:-1\" \/>\n<link rel=\"canonical\" href=\"https:\/\/www.paardensportcentrumepe.nl\/accommodatie\/\" \/>\n<meta property=\"og:locale\" content=\"fr_FR\" \/>\n<meta property=\"og:type\" content=\"article\" \/>\n<meta property=\"og:title\" content=\"Installations - PAARDENSPORTCENTRUM EPE\" \/>\n<meta property=\"og:description\" content=\"[vc_row row_type=&#8221;full&#8221;][vc_column][vc_images_carousel images=&#8221;6978&#8243; img_size=&#8221;full&#8221; onclick=&#8221;link_no&#8221; speed=&#8221;4000&#8243; autoplay=&#8221;yes&#8221; hide_pagination_control=&#8221;yes&#8221; hide_prev_next_buttons=&#8221;yes&#8221; wrap=&#8221;yes&#8221;][\/vc_column][\/vc_row][vc_row font_color=&#8221;#ffffff&#8221; css=&#8221;.vc_custom_1504098679512{padding-top: 30px !important;}&#8221;][vc_column][vc_column_text] Les installations Le Paardensportcentrum Epe est situ\u00e9 dans une zone bois\u00e9e et se trouve \u00e0 cinq minutes de la Veluwe et de son Trail. Le Veluwe Trail est la piste de longue distance le plus c\u00e9l\u00e8bre parmi les cavaliers et conducteurs d&#8217;attelage aux Pays-Bas. Il traverse l&#8217;une des plus belles r\u00e9serves naturelles de notre pays : la Veluwe, avec ses vastes for\u00eats et bruy\u00e8res, entrecoup\u00e9es de zones agricoles et de dunes mouvantes. L\u2019itin\u00e9raire suit par endroits une portion de la voie publique, mais comprend surtout des &hellip; Continued\" \/>\n<meta property=\"og:url\" content=\"https:\/\/www.paardensportcentrumepe.nl\/accommodatie\/\" \/>\n<meta property=\"og:site_name\" content=\"PAARDENSPORTCENTRUM EPE\" \/>\n<meta property=\"article:modified_time\" content=\"2025-06-07T11:57:13+00:00\" \/>\n<meta name=\"twitter:card\" content=\"summary_large_image\" \/>\n<script type=\"application\/ld+json\" class=\"yoast-schema-graph\">{\"@context\":\"https:\/\/schema.org\",\"@graph\":[{\"@type\":\"WebSite\",\"@id\":\"https:\/\/www.paardensportcentrumepe.nl\/fr\/#website\",\"url\":\"https:\/\/www.paardensportcentrumepe.nl\/fr\/\",\"name\":\"PAARDENSPORTCENTRUM EPE\",\"description\":\"Offici\\u00ebl website van de stallen\",\"potentialAction\":[{\"@type\":\"SearchAction\",\"target\":\"https:\/\/www.paardensportcentrumepe.nl\/fr\/?s={search_term_string}\",\"query-input\":\"required name=search_term_string\"}],\"inLanguage\":\"fr-FR\"},{\"@type\":\"WebPage\",\"@id\":\"https:\/\/www.paardensportcentrumepe.nl\/accommodatie\/#webpage\",\"url\":\"https:\/\/www.paardensportcentrumepe.nl\/accommodatie\/\",\"name\":\"Installations - PAARDENSPORTCENTRUM EPE\",\"isPartOf\":{\"@id\":\"https:\/\/www.paardensportcentrumepe.nl\/fr\/#website\"},\"datePublished\":\"2017-08-30T13:04:30+00:00\",\"dateModified\":\"2025-06-07T11:57:13+00:00\",\"inLanguage\":\"fr-FR\",\"potentialAction\":[{\"@type\":\"ReadAction\",\"target\":[\"https:\/\/www.paardensportcentrumepe.nl\/accommodatie\/\"]}]}]}<\/script>\n<!-- \/ Yoast SEO plugin. -->","_links":{"self":[{"href":"https:\/\/www.paardensportcentrumepe.nl\/fr\/wp-json\/wp\/v2\/pages\/5380"}],"collection":[{"href":"https:\/\/www.paardensportcentrumepe.nl\/fr\/wp-json\/wp\/v2\/pages"}],"about":[{"href":"https:\/\/www.paardensportcentrumepe.nl\/fr\/wp-json\/wp\/v2\/types\/page"}],"author":[{"embeddable":true,"href":"https:\/\/www.paardensportcentrumepe.nl\/fr\/wp-json\/wp\/v2\/users\/1"}],"replies":[{"embeddable":true,"href":"https:\/\/www.paardensportcentrumepe.nl\/fr\/wp-json\/wp\/v2\/comments?post=5380"}],"version-history":[{"count":57,"href":"https:\/\/www.paardensportcentrumepe.nl\/fr\/wp-json\/wp\/v2\/pages\/5380\/revisions"}],"predecessor-version":[{"id":7014,"href":"https:\/\/www.paardensportcentrumepe.nl\/fr\/wp-json\/wp\/v2\/pages\/5380\/revisions\/7014"}],"wp:attachment":[{"href":"https:\/\/www.paardensportcentrumepe.nl\/fr\/wp-json\/wp\/v2\/media?parent=5380"}],"curies":[{"name":"wp","href":"https:\/\/api.w.org\/{rel}","templated":true}]}}