{"id":5419,"date":"2017-08-30T15:45:49","date_gmt":"2017-08-30T13:45:49","guid":{"rendered":"http:\/\/cmequifrxt.cluster023.hosting.ovh.net\/v2\/?page_id=5419"},"modified":"2023-07-03T22:32:27","modified_gmt":"2023-07-03T20:32:27","slug":"christopher-masson","status":"publish","type":"page","link":"https:\/\/www.paardensportcentrumepe.nl\/fr\/christopher-masson\/","title":{"rendered":"Christopher Masson"},"content":{"rendered":"<p>[vc_row row_type=&#8221;full&#8221;][vc_column][vc_images_carousel images=&#8221;5683&#8243; img_size=&#8221;full&#8221; speed=&#8221;4000&#8243; autoplay=&#8221;yes&#8221; hide_pagination_control=&#8221;yes&#8221; hide_prev_next_buttons=&#8221;yes&#8221; wrap=&#8221;yes&#8221;][\/vc_column][\/vc_row][vc_row font_color=&#8221;#ffffff&#8221; css=&#8221;.vc_custom_1504098679512{padding-top: 30px !important;}&#8221;][vc_column][vc_column_text]<\/p>\n<h2>Christopher Masson<\/h2>\n<p>[\/vc_column_text][\/vc_column][\/vc_row][vc_row font_color=&#8221;#ffffff&#8221; css=&#8221;.vc_custom_1504101095113{padding-top: 30px !important;}&#8221;][vc_column width=&#8221;2\/3&#8243;][vc_column_text]Passionn\u00e9 de chevaux depuis sa plus tendre enfance, Christopher a \u00e9t\u00e9 form\u00e9 en France par Sylvie Corellou (dressage) et Thierry Pomel (saut d\u2019obstacles).<\/p>\n<p>En 2004, il re\u00e7oit son premier cheval, un selle fran\u00e7ais, Lucky d\u2019Uranie, avec lequel il fait ses d\u00e9buts dans plusieurs concours internationaux. En 2007, il d\u00e9cide en accord avec ses parents de partir aux Pays-Bas pour s\u2019entra\u00eener aupr\u00e8s de cavaliers r\u00e9put\u00e9s. S\u00e9duit par ce pays, il d\u00e9cide en 2010 de fonder sa propre \u00e9curie \u00e0 Lelystad, C.M. Equifrance.[\/vc_column_text][\/vc_column][vc_column width=&#8221;1\/3&#8243;][vc_single_image image=&#8221;5819&#8243; img_size=&#8221;&#8221; style=&#8221;vc_box_rounded&#8221; onclick=&#8221;img_link_large&#8221;][\/vc_column][\/vc_row][vc_row font_color=&#8221;#ffffff&#8221; css=&#8221;.vc_custom_1504101095113{padding-top: 30px !important;}&#8221;][vc_column width=&#8221;1\/2&#8243;][vc_single_image image=&#8221;6937&#8243; img_size=&#8221;full&#8221;][\/vc_column][vc_column width=&#8221;1\/2&#8243;][vc_single_image image=&#8221;6933&#8243; img_size=&#8221;full&#8221; onclick=&#8221;link_image&#8221;][\/vc_column][\/vc_row][vc_row css=&#8221;.vc_custom_1507385961288{padding-top: 30px !important;padding-bottom: 40px !important;}&#8221;][vc_column][vc_single_image image=&#8221;5773&#8243; img_size=&#8221;full&#8221; alignment=&#8221;center&#8221; css=&#8221;.vc_custom_1507394570143{margin-top: 20px !important;}&#8221;][\/vc_column][\/vc_row]<\/p>\n","protected":false},"excerpt":{"rendered":"<p>[vc_row row_type=&#8221;full&#8221;][vc_column][vc_images_carousel images=&#8221;5683&#8243; img_size=&#8221;full&#8221; speed=&#8221;4000&#8243; autoplay=&#8221;yes&#8221; hide_pagination_control=&#8221;yes&#8221; hide_prev_next_buttons=&#8221;yes&#8221; wrap=&#8221;yes&#8221;][\/vc_column][\/vc_row][vc_row font_color=&#8221;#ffffff&#8221; css=&#8221;.vc_custom_1504098679512{padding-top: 30px !important;}&#8221;][vc_column][vc_column_text] Christopher Masson [\/vc_column_text][\/vc_column][\/vc_row][vc_row font_color=&#8221;#ffffff&#8221; css=&#8221;.vc_custom_1504101095113{padding-top: 30px !important;}&#8221;][vc_column width=&#8221;2\/3&#8243;][vc_column_text]Passionn\u00e9 de chevaux depuis sa plus tendre enfance, Christopher a \u00e9t\u00e9 form\u00e9 en France par Sylvie Corellou (dressage) et Thierry Pomel (saut d\u2019obstacles). En 2004, il re\u00e7oit son premier cheval, un selle fran\u00e7ais, Lucky d\u2019Uranie, avec lequel il fait ses d\u00e9buts dans plusieurs concours internationaux. En 2007, il d\u00e9cide en accord avec ses parents de partir aux Pays-Bas pour s\u2019entra\u00eener aupr\u00e8s de cavaliers r\u00e9put\u00e9s. S\u00e9duit par ce pays, il d\u00e9cide en 2010 de fonder sa propre \u00e9curie \u00e0 Lelystad, C.M. &hellip; <a href=\"https:\/\/www.paardensportcentrumepe.nl\/fr\/christopher-masson\/\">Continued<\/a><\/p>\n","protected":false},"author":1,"featured_media":0,"parent":0,"menu_order":0,"comment_status":"closed","ping_status":"closed","template":"page-fullwidth.php","meta":[],"acf":[],"yoast_head":"<!-- This site is optimized with the Yoast SEO plugin v14.2 - https:\/\/yoast.com\/wordpress\/plugins\/seo\/ -->\n<title>Christopher Masson - PAARDENSPORTCENTRUM EPE<\/title>\n<meta name=\"robots\" content=\"index, follow\" \/>\n<meta name=\"googlebot\" content=\"index, follow, max-snippet:-1, max-image-preview:large, max-video-preview:-1\" \/>\n<meta name=\"bingbot\" content=\"index, follow, max-snippet:-1, max-image-preview:large, max-video-preview:-1\" \/>\n<link rel=\"canonical\" href=\"https:\/\/www.paardensportcentrumepe.nl\/fr\/christopher-masson\/\" \/>\n<meta property=\"og:locale\" content=\"fr_FR\" \/>\n<meta property=\"og:type\" content=\"article\" \/>\n<meta property=\"og:title\" content=\"Christopher Masson - PAARDENSPORTCENTRUM EPE\" \/>\n<meta property=\"og:description\" content=\"[vc_row row_type=&#8221;full&#8221;][vc_column][vc_images_carousel images=&#8221;5683&#8243; img_size=&#8221;full&#8221; speed=&#8221;4000&#8243; autoplay=&#8221;yes&#8221; hide_pagination_control=&#8221;yes&#8221; hide_prev_next_buttons=&#8221;yes&#8221; wrap=&#8221;yes&#8221;][\/vc_column][\/vc_row][vc_row font_color=&#8221;#ffffff&#8221; css=&#8221;.vc_custom_1504098679512{padding-top: 30px !important;}&#8221;][vc_column][vc_column_text] Christopher Masson [\/vc_column_text][\/vc_column][\/vc_row][vc_row font_color=&#8221;#ffffff&#8221; css=&#8221;.vc_custom_1504101095113{padding-top: 30px !important;}&#8221;][vc_column width=&#8221;2\/3&#8243;][vc_column_text]Passionn\u00e9 de chevaux depuis sa plus tendre enfance, Christopher a \u00e9t\u00e9 form\u00e9 en France par Sylvie Corellou (dressage) et Thierry Pomel (saut d\u2019obstacles). En 2004, il re\u00e7oit son premier cheval, un selle fran\u00e7ais, Lucky d\u2019Uranie, avec lequel il fait ses d\u00e9buts dans plusieurs concours internationaux. En 2007, il d\u00e9cide en accord avec ses parents de partir aux Pays-Bas pour s\u2019entra\u00eener aupr\u00e8s de cavaliers r\u00e9put\u00e9s. S\u00e9duit par ce pays, il d\u00e9cide en 2010 de fonder sa propre \u00e9curie \u00e0 Lelystad, C.M. &hellip; Continued\" \/>\n<meta property=\"og:url\" content=\"https:\/\/www.paardensportcentrumepe.nl\/fr\/christopher-masson\/\" \/>\n<meta property=\"og:site_name\" content=\"PAARDENSPORTCENTRUM EPE\" \/>\n<meta property=\"article:modified_time\" content=\"2023-07-03T20:32:27+00:00\" \/>\n<meta name=\"twitter:card\" content=\"summary_large_image\" \/>\n<script type=\"application\/ld+json\" class=\"yoast-schema-graph\">{\"@context\":\"https:\/\/schema.org\",\"@graph\":[{\"@type\":\"WebSite\",\"@id\":\"https:\/\/www.paardensportcentrumepe.nl\/fr\/#website\",\"url\":\"https:\/\/www.paardensportcentrumepe.nl\/fr\/\",\"name\":\"PAARDENSPORTCENTRUM EPE\",\"description\":\"Offici\\u00ebl website van de stallen\",\"potentialAction\":[{\"@type\":\"SearchAction\",\"target\":\"https:\/\/www.paardensportcentrumepe.nl\/fr\/?s={search_term_string}\",\"query-input\":\"required name=search_term_string\"}],\"inLanguage\":\"fr-FR\"},{\"@type\":\"WebPage\",\"@id\":\"https:\/\/www.paardensportcentrumepe.nl\/fr\/christopher-masson\/#webpage\",\"url\":\"https:\/\/www.paardensportcentrumepe.nl\/fr\/christopher-masson\/\",\"name\":\"Christopher Masson - PAARDENSPORTCENTRUM EPE\",\"isPartOf\":{\"@id\":\"https:\/\/www.paardensportcentrumepe.nl\/fr\/#website\"},\"datePublished\":\"2017-08-30T13:45:49+00:00\",\"dateModified\":\"2023-07-03T20:32:27+00:00\",\"inLanguage\":\"fr-FR\",\"potentialAction\":[{\"@type\":\"ReadAction\",\"target\":[\"https:\/\/www.paardensportcentrumepe.nl\/fr\/christopher-masson\/\"]}]}]}<\/script>\n<!-- \/ Yoast SEO plugin. -->","_links":{"self":[{"href":"https:\/\/www.paardensportcentrumepe.nl\/fr\/wp-json\/wp\/v2\/pages\/5419"}],"collection":[{"href":"https:\/\/www.paardensportcentrumepe.nl\/fr\/wp-json\/wp\/v2\/pages"}],"about":[{"href":"https:\/\/www.paardensportcentrumepe.nl\/fr\/wp-json\/wp\/v2\/types\/page"}],"author":[{"embeddable":true,"href":"https:\/\/www.paardensportcentrumepe.nl\/fr\/wp-json\/wp\/v2\/users\/1"}],"replies":[{"embeddable":true,"href":"https:\/\/www.paardensportcentrumepe.nl\/fr\/wp-json\/wp\/v2\/comments?post=5419"}],"version-history":[{"count":58,"href":"https:\/\/www.paardensportcentrumepe.nl\/fr\/wp-json\/wp\/v2\/pages\/5419\/revisions"}],"predecessor-version":[{"id":6953,"href":"https:\/\/www.paardensportcentrumepe.nl\/fr\/wp-json\/wp\/v2\/pages\/5419\/revisions\/6953"}],"wp:attachment":[{"href":"https:\/\/www.paardensportcentrumepe.nl\/fr\/wp-json\/wp\/v2\/media?parent=5419"}],"curies":[{"name":"wp","href":"https:\/\/api.w.org\/{rel}","templated":true}]}}