{"id":5443,"date":"2017-08-30T16:31:16","date_gmt":"2017-08-30T14:31:16","guid":{"rendered":"http:\/\/cmequifrxt.cluster023.hosting.ovh.net\/v2\/?page_id=5443"},"modified":"2019-11-04T15:26:53","modified_gmt":"2019-11-04T14:26:53","slug":"mariette-jansen","status":"publish","type":"page","link":"https:\/\/www.paardensportcentrumepe.nl\/fr\/mariette-jansen\/","title":{"rendered":"Mari\u00ebtte Jansen"},"content":{"rendered":"<p>[vc_row row_type=&#8221;full&#8221;][vc_column][vc_images_carousel images=&#8221;5681&#8243; img_size=&#8221;full&#8221; onclick=&#8221;link_no&#8221; speed=&#8221;4000&#8243; autoplay=&#8221;yes&#8221; hide_pagination_control=&#8221;yes&#8221; hide_prev_next_buttons=&#8221;yes&#8221; wrap=&#8221;yes&#8221;][\/vc_column][\/vc_row][vc_row font_color=&#8221;#ffffff&#8221; css=&#8221;.vc_custom_1504098679512{padding-top: 30px !important;}&#8221;][vc_column][vc_column_text]<\/p>\n<h2>Mari\u00ebtte Jansen<\/h2>\n<p>[\/vc_column_text][\/vc_column][\/vc_row][vc_row font_color=&#8221;#ffffff&#8221; css=&#8221;.vc_custom_1504101095113{padding-top: 30px !important;}&#8221;][vc_column width=&#8221;5\/6&#8243;][vc_column_text]Pour ses onze ans, Mari\u00ebtte re\u00e7oit en cadeau sa premi\u00e8re le\u00e7on d\u2019\u00e9quitation. Cette premi\u00e8re le\u00e7on fut le d\u00e9clic. Apr\u00e8s deux ans de cours d&#8217;\u00e9quitation dans un man\u00e8ge voisin, elle re\u00e7oit son propre poney. Depuis, elle a pris soin de nombreux autres chevaux et poneys.<\/p>\n<p>Une fois le lyc\u00e9e termin\u00e9, elle poursuivra des \u00e9tudes en \u00e9levage \u00e9quin et gestion \u00e0 Barneveld, suivie d&#8217;une formation en conduite et gestion hippique \u00e0 l\u2019\u00c9cole Sup\u00e9rieure d\u2019Agriculture de Dronten. Pendant la derni\u00e8re ann\u00e9e de ses \u00e9tudes, elle rencontre Christopher, qui partage sa passion pour les chevaux. Depuis novembre 2011, ils dirigent ensemble C.M. Equifrance. Durant ses \u00e9tudes, Mari\u00ebtte a \u00e9galement suivi une formation d\u2019instructeur et de juge de dressage ORUN. Gr\u00e2ce \u00e0 son dipl\u00f4me d\u2019instructeur de niveau 2, elle est habilit\u00e9e \u00e0 juger jusqu\u2019au L2 (dressage). Cavali\u00e8re professionnelle de dressage, elle a mont\u00e9 plusieurs chevaux jusqu&#8217;au niveau Z ces derni\u00e8res ann\u00e9es.<\/p>\n<p>\u00c0 Lelystad, Mari\u00ebtte et Christopher ont dirig\u00e9 une \u00e9curie pouvant accueillir 60 chevaux durant presque dix ans. Ils ont toujours eu beaucoup de plaisir \u00e0 y travailler. En 2019, ils ont eu l\u2019opportunit\u00e9 de reprendre le Centre Hippique Epe, et ont d\u00e9cid\u00e9 d\u2019y d\u00e9m\u00e9nager leur entreprise.[\/vc_column_text][\/vc_column][vc_column width=&#8221;1\/6&#8243;][vc_single_image image=&#8221;5729&#8243; img_size=&#8221;medium&#8221; alignment=&#8221;right&#8221; style=&#8221;vc_box_rounded&#8221; onclick=&#8221;img_link_large&#8221;][\/vc_column][\/vc_row][vc_row css=&#8221;.vc_custom_1504100314542{padding-top: 30px !important;padding-bottom: 40px !important;}&#8221; font_color=&#8221;#ffffff&#8221;][vc_column][vc_single_image image=&#8221;5730&#8243; img_size=&#8221;full&#8221; alignment=&#8221;center&#8221; style=&#8221;vc_box_rounded&#8221; onclick=&#8221;img_link_large&#8221; css=&#8221;.vc_custom_1507384843324{margin-top: 20px !important;}&#8221;][\/vc_column][\/vc_row]<\/p>\n","protected":false},"excerpt":{"rendered":"<p>[vc_row row_type=&#8221;full&#8221;][vc_column][vc_images_carousel images=&#8221;5681&#8243; img_size=&#8221;full&#8221; onclick=&#8221;link_no&#8221; speed=&#8221;4000&#8243; autoplay=&#8221;yes&#8221; hide_pagination_control=&#8221;yes&#8221; hide_prev_next_buttons=&#8221;yes&#8221; wrap=&#8221;yes&#8221;][\/vc_column][\/vc_row][vc_row font_color=&#8221;#ffffff&#8221; css=&#8221;.vc_custom_1504098679512{padding-top: 30px !important;}&#8221;][vc_column][vc_column_text] Mari\u00ebtte Jansen [\/vc_column_text][\/vc_column][\/vc_row][vc_row font_color=&#8221;#ffffff&#8221; css=&#8221;.vc_custom_1504101095113{padding-top: 30px !important;}&#8221;][vc_column width=&#8221;5\/6&#8243;][vc_column_text]Pour ses onze ans, Mari\u00ebtte re\u00e7oit en cadeau sa premi\u00e8re le\u00e7on d\u2019\u00e9quitation. Cette premi\u00e8re le\u00e7on fut le d\u00e9clic. Apr\u00e8s deux ans de cours d&#8217;\u00e9quitation dans un man\u00e8ge voisin, elle re\u00e7oit son propre poney. Depuis, elle a pris soin de nombreux autres chevaux et poneys. Une fois le lyc\u00e9e termin\u00e9, elle poursuivra des \u00e9tudes en \u00e9levage \u00e9quin et gestion \u00e0 Barneveld, suivie d&#8217;une formation en conduite et gestion hippique \u00e0 l\u2019\u00c9cole Sup\u00e9rieure d\u2019Agriculture de Dronten. Pendant la derni\u00e8re ann\u00e9e de &hellip; <a href=\"https:\/\/www.paardensportcentrumepe.nl\/fr\/mariette-jansen\/\">Continued<\/a><\/p>\n","protected":false},"author":1,"featured_media":0,"parent":0,"menu_order":0,"comment_status":"closed","ping_status":"closed","template":"page-fullwidth.php","meta":[],"acf":[],"yoast_head":"<!-- This site is optimized with the Yoast SEO plugin v14.2 - https:\/\/yoast.com\/wordpress\/plugins\/seo\/ -->\n<title>Mari\u00ebtte Jansen - PAARDENSPORTCENTRUM EPE<\/title>\n<meta name=\"robots\" content=\"index, follow\" \/>\n<meta name=\"googlebot\" content=\"index, follow, max-snippet:-1, max-image-preview:large, max-video-preview:-1\" \/>\n<meta name=\"bingbot\" content=\"index, follow, max-snippet:-1, max-image-preview:large, max-video-preview:-1\" \/>\n<link rel=\"canonical\" href=\"https:\/\/www.paardensportcentrumepe.nl\/fr\/mariette-jansen\/\" \/>\n<meta property=\"og:locale\" content=\"fr_FR\" \/>\n<meta property=\"og:type\" content=\"article\" \/>\n<meta property=\"og:title\" content=\"Mari\u00ebtte Jansen - PAARDENSPORTCENTRUM EPE\" \/>\n<meta property=\"og:description\" content=\"[vc_row row_type=&#8221;full&#8221;][vc_column][vc_images_carousel images=&#8221;5681&#8243; img_size=&#8221;full&#8221; onclick=&#8221;link_no&#8221; speed=&#8221;4000&#8243; autoplay=&#8221;yes&#8221; hide_pagination_control=&#8221;yes&#8221; hide_prev_next_buttons=&#8221;yes&#8221; wrap=&#8221;yes&#8221;][\/vc_column][\/vc_row][vc_row font_color=&#8221;#ffffff&#8221; css=&#8221;.vc_custom_1504098679512{padding-top: 30px !important;}&#8221;][vc_column][vc_column_text] Mari\u00ebtte Jansen [\/vc_column_text][\/vc_column][\/vc_row][vc_row font_color=&#8221;#ffffff&#8221; css=&#8221;.vc_custom_1504101095113{padding-top: 30px !important;}&#8221;][vc_column width=&#8221;5\/6&#8243;][vc_column_text]Pour ses onze ans, Mari\u00ebtte re\u00e7oit en cadeau sa premi\u00e8re le\u00e7on d\u2019\u00e9quitation. Cette premi\u00e8re le\u00e7on fut le d\u00e9clic. Apr\u00e8s deux ans de cours d&#8217;\u00e9quitation dans un man\u00e8ge voisin, elle re\u00e7oit son propre poney. Depuis, elle a pris soin de nombreux autres chevaux et poneys. Une fois le lyc\u00e9e termin\u00e9, elle poursuivra des \u00e9tudes en \u00e9levage \u00e9quin et gestion \u00e0 Barneveld, suivie d&#8217;une formation en conduite et gestion hippique \u00e0 l\u2019\u00c9cole Sup\u00e9rieure d\u2019Agriculture de Dronten. Pendant la derni\u00e8re ann\u00e9e de &hellip; Continued\" \/>\n<meta property=\"og:url\" content=\"https:\/\/www.paardensportcentrumepe.nl\/fr\/mariette-jansen\/\" \/>\n<meta property=\"og:site_name\" content=\"PAARDENSPORTCENTRUM EPE\" \/>\n<meta property=\"article:modified_time\" content=\"2019-11-04T14:26:53+00:00\" \/>\n<meta name=\"twitter:card\" content=\"summary_large_image\" \/>\n<script type=\"application\/ld+json\" class=\"yoast-schema-graph\">{\"@context\":\"https:\/\/schema.org\",\"@graph\":[{\"@type\":\"WebSite\",\"@id\":\"https:\/\/www.paardensportcentrumepe.nl\/fr\/#website\",\"url\":\"https:\/\/www.paardensportcentrumepe.nl\/fr\/\",\"name\":\"PAARDENSPORTCENTRUM EPE\",\"description\":\"Offici\\u00ebl website van de stallen\",\"potentialAction\":[{\"@type\":\"SearchAction\",\"target\":\"https:\/\/www.paardensportcentrumepe.nl\/fr\/?s={search_term_string}\",\"query-input\":\"required name=search_term_string\"}],\"inLanguage\":\"fr-FR\"},{\"@type\":\"WebPage\",\"@id\":\"https:\/\/www.paardensportcentrumepe.nl\/fr\/mariette-jansen\/#webpage\",\"url\":\"https:\/\/www.paardensportcentrumepe.nl\/fr\/mariette-jansen\/\",\"name\":\"Mari\\u00ebtte Jansen - PAARDENSPORTCENTRUM EPE\",\"isPartOf\":{\"@id\":\"https:\/\/www.paardensportcentrumepe.nl\/fr\/#website\"},\"datePublished\":\"2017-08-30T14:31:16+00:00\",\"dateModified\":\"2019-11-04T14:26:53+00:00\",\"inLanguage\":\"fr-FR\",\"potentialAction\":[{\"@type\":\"ReadAction\",\"target\":[\"https:\/\/www.paardensportcentrumepe.nl\/fr\/mariette-jansen\/\"]}]}]}<\/script>\n<!-- \/ Yoast SEO plugin. -->","_links":{"self":[{"href":"https:\/\/www.paardensportcentrumepe.nl\/fr\/wp-json\/wp\/v2\/pages\/5443"}],"collection":[{"href":"https:\/\/www.paardensportcentrumepe.nl\/fr\/wp-json\/wp\/v2\/pages"}],"about":[{"href":"https:\/\/www.paardensportcentrumepe.nl\/fr\/wp-json\/wp\/v2\/types\/page"}],"author":[{"embeddable":true,"href":"https:\/\/www.paardensportcentrumepe.nl\/fr\/wp-json\/wp\/v2\/users\/1"}],"replies":[{"embeddable":true,"href":"https:\/\/www.paardensportcentrumepe.nl\/fr\/wp-json\/wp\/v2\/comments?post=5443"}],"version-history":[{"count":16,"href":"https:\/\/www.paardensportcentrumepe.nl\/fr\/wp-json\/wp\/v2\/pages\/5443\/revisions"}],"predecessor-version":[{"id":6479,"href":"https:\/\/www.paardensportcentrumepe.nl\/fr\/wp-json\/wp\/v2\/pages\/5443\/revisions\/6479"}],"wp:attachment":[{"href":"https:\/\/www.paardensportcentrumepe.nl\/fr\/wp-json\/wp\/v2\/media?parent=5443"}],"curies":[{"name":"wp","href":"https:\/\/api.w.org\/{rel}","templated":true}]}}